{"id":1978,"date":"2022-02-14T14:02:14","date_gmt":"2022-02-14T14:02:14","guid":{"rendered":"https:\/\/greenmaxhotel.com.tr\/kvkk\/"},"modified":"2022-02-14T14:02:15","modified_gmt":"2022-02-14T14:02:15","slug":"kvkk","status":"publish","type":"page","link":"https:\/\/www.greenmaxhotel.com.tr\/ru\/kvkk\/","title":{"rendered":"Kvkk"},"content":{"rendered":"\t\t<div data-elementor-type=\"wp-page\" data-elementor-id=\"1978\" class=\"elementor elementor-1978 elementor-42\" data-elementor-settings=\"[]\">\n\t\t\t\t\t\t\t<div class=\"elementor-section-wrap\">\n\t\t\t\t\t\t\t<section class=\"elementor-section elementor-top-section elementor-element elementor-element-71f002b2 elementor-section-boxed elementor-section-height-default elementor-section-height-default\" data-id=\"71f002b2\" data-element_type=\"section\">\n\t\t\t\t\t\t<div class=\"elementor-container elementor-column-gap-default\">\n\t\t\t\t\t<div class=\"elementor-column elementor-col-100 elementor-top-column elementor-element elementor-element-21173b24\" data-id=\"21173b24\" data-element_type=\"column\">\n\t\t\t<div class=\"elementor-widget-wrap elementor-element-populated\">\n\t\t\t\t\t\t\t\t<div class=\"elementor-element elementor-element-6d01f93d elementor-widget elementor-widget-text-editor\" data-id=\"6d01f93d\" data-element_type=\"widget\" data-widget_type=\"text-editor.default\">\n\t\t\t\t<div class=\"elementor-widget-container\">\n\t\t\t<style>\/*! elementor - v3.5.5 - 03-02-2022 *\/\n.elementor-widget-text-editor.elementor-drop-cap-view-stacked .elementor-drop-cap{background-color:#818a91;color:#fff}.elementor-widget-text-editor.elementor-drop-cap-view-framed .elementor-drop-cap{color:#818a91;border:3px solid;background-color:transparent}.elementor-widget-text-editor:not(.elementor-drop-cap-view-default) .elementor-drop-cap{margin-top:8px}.elementor-widget-text-editor:not(.elementor-drop-cap-view-default) .elementor-drop-cap-letter{width:1em;height:1em}.elementor-widget-text-editor .elementor-drop-cap{float:left;text-align:center;line-height:1;font-size:50px}.elementor-widget-text-editor .elementor-drop-cap-letter{display:inline-block}<\/style>\t\t\t\t<p><strong>WEB S\u0130TES\u0130 AYDINLATMA METN\u0130<\/strong><\/p>\n<p>Beytur Gayrimenkul turizm \u0130n\u015faat Sanayi ve Ticaret A.\u015e. (\u201cGreenmaxotel\u201d)\u00a0olarak veri sorumlusu s\u0131fat\u0131yla 6698 say\u0131l\u0131 Ki\u015fisel Verilerin Korunmas\u0131 Kanunu (\u201cKVKK\u201d veya \u201cKanun\u201d) ve ilgili mevzuat kapsam\u0131nda, ki\u015fisel verilerinizi i\u015fliyor, ayn\u0131 zamanda KVKK\u2019da, KVKK\u2019ya ba\u011fl\u0131 y\u00fcr\u00fcrl\u00fc\u011fe konulan ikincil mevzuatta, Ki\u015fisel Verileri Koruma Kurulu\u2019nun ba\u011flay\u0131c\u0131 nitelikteki kararlar\u0131nda ve sair mevzuatta belirtilmi\u015f olan teknik ve idari tedbirleri alarak i\u015fledi\u011fimiz verilerin korunmas\u0131 i\u00e7in elimizden gelen t\u00fcm \u00e7abay\u0131 g\u00f6steriyoruz.<\/p>\n<p>\u0130\u015fbu metin ile, veri sorumlusu s\u0131fat\u0131yla KVKK\u2019n\u0131n 10. maddesinde belirtilen ayd\u0131nlatma y\u00fck\u00fcml\u00fcl\u00fc\u011f\u00fcn\u00fc yerine getirmekte ve b\u00f6ylelikle,\u00a0<a href=\"http:\/\/greenmaxhotel.com.tr\">http:\/\/greenmaxhotel.com.tr<\/a>\u00a0arac\u0131l\u0131\u011f\u0131yla eri\u015filen (\u201c\u0130nternet Sitesi\u201d) \u00fczerinden ger\u00e7ekle\u015ftirdi\u011finiz faaliyetler \u00f6zelinde i\u015flemi\u015f oldu\u011fumuz ki\u015fisel verilerinizin i\u015flenme s\u00fcre\u00e7leri hakk\u0131nda siz ziyaret\u00e7ilerimizi detayl\u0131ca bilgilendirmeyi hedeflemekteyiz.<\/p>\n<ol>\n<li>Ki\u015fisel Verilerinizin Toplanma Y\u00f6ntemi<\/li>\n<\/ol>\n<p>Greenmaxotel olarak, \u0130nternet Sitesi ziyaret\u00e7ilerimizin ki\u015fisel verilerini, tamamen veya k\u0131smen otomatik olan yollarla;<\/p>\n<ul>\n<li>\u0130nternet Sitesi\u2019ni ziyaret etmeniz,<\/li>\n<li>\u0130nternet sitesi i\u00e7erisinde bulunan \u00e7erezler,<\/li>\n<li>\u0130nternet Sitesi\u2019nde \u2018Bilgi ve Rezervasyon\u2019 sekmesi ile taraf\u0131m\u0131za ula\u015fman\u0131z,<\/li>\n<li>\u0130nternet Sitesi\u2019nde yer alan \u2018Sizi Arayal\u0131m\u2019 sekmesi ile taraf\u0131n\u0131z ile ileti\u015fime ge\u00e7me talebinde bulunman\u0131z,<\/li>\n<li>\u0130nternet Sitesi i\u00e7erisindeki \u2018Rezervasyon\u2019 sekmesi ile, Greenmaxotel\u2019e rezervasyon yapt\u0131rman\u0131z,<\/li>\n<\/ul>\n<p>arac\u0131l\u0131\u011f\u0131yla toplamaktay\u0131z.<\/p>\n<ol start=\"2\">\n<li>Verileriniz, Verilerinizin \u0130\u015flenme Amac\u0131 ve Toplanmas\u0131 Hukuki Sebebi<\/li>\n<\/ol>\n<p>Yukar\u0131da a\u00e7\u0131klanan toplama y\u00f6ntemleri ile elde etti\u011fimiz ki\u015fisel verileriniz, a\u015fa\u011f\u0131daki tabloda belirtildi\u011fi gibidir:<\/p>\n<p>Kimlik Verisi &#8212;\u00a0Ad-Soyad, T.C. kimlik numaras\u0131, Pasaport Numaras\u0131, Do\u011fum Y\u0131l\u0131, HES Kodu<\/p>\n<p>\u0130leti\u015fim Verisi &#8212;\u00a0E-posta adresi, Telefon numaras\u0131, Adres bilgisi<\/p>\n<p>M\u00fc\u015fteri \u0130\u015flem Verisi &#8212;\u00a0Talep ve \u015fik\u00e2yet bilgisi, Verilmi\u015f olunan hukuki onaylar, Yorumlar ve \u00f6zel istekler<\/p>\n<p>Pazarlama Verisi &#8212;\u00a0Kullan\u0131lan \u00e7erezler vas\u0131tas\u0131yla elde edilen bilgiler<\/p>\n<p>Finans &#8212;\u00a0Kart Numaras\u0131, Son Kullanma Tarihi, CVV kodu<\/p>\n<p>Di\u011fer Bilgiler &#8212;\u00a0Konu ba\u015fl\u0131\u011f\u0131, Mesaj i\u00e7eri\u011fi bilgisi<\/p>\n<p>Greenmaxotel\u2019e yapt\u0131rd\u0131\u011f\u0131n\u0131z rezervasyonlar esnas\u0131nda, taraf\u0131n\u0131z\u0131n kendi r\u0131zas\u0131 ile \u00f6zel istek ve hizmet kapsam\u0131nda bizlere iletmi\u015f oldu\u011fu, \u00f6zel nitelikli sa\u011fl\u0131k verileriniz talebiniz do\u011frultusunda memnuniyetiniz kapsam\u0131nda hizmet vermek amac\u0131 ile i\u015flenecek olup, yaln\u0131zca KVKK 6. Maddesinde \u00f6ng\u00f6r\u00fclen kamu sa\u011fl\u0131\u011f\u0131n\u0131n korunmas\u0131, koruyucu hekimlik ve t\u0131bbi te\u015fhis tedavi ve bakim hizmetlerinin y\u00fcr\u00fct\u00fclmesi, kapsam\u0131nda s\u0131r saklama y\u00fck\u00fcml\u00fcl\u00fc\u011f\u00fc alt\u0131nda bulunan ki\u015filer ve yetkili kamu kurum ve kurulu\u015flar\u0131 ile payla\u015f\u0131lacakt\u0131r.<\/p>\n<p>Greenmaxotel\u2019e yukar\u0131da belirtilen tabloda ula\u015fan veriler, KVKK 4. Maddesi uyar\u0131nca belirtilen genel ilkeler do\u011frultusunda hukuka ve du\u0308ru\u0308stlu\u0308k kurallar\u0131na uygun olarak, dog\u0306ru ve gerektig\u0306inde gu\u0308ncel sekilde, belirli, a\u00e7\u0131k ve mes\u0327ru ama\u00e7lar ic\u0327in asagida belirtilen amac\u0327lar ile bag\u0306lant\u0131l\u0131, s\u0131n\u0131rl\u0131 ve o\u0308lc\u0327u\u0308lu\u0308 olarak ve ba\u011fl\u0131 oldu\u011fumuz ilgili mevzuatta o\u0308ngo\u0308ru\u0308len veya is\u0327lendikleri amac\u0327 ic\u0327in gerekli olan su\u0308re kadar muhafaza edilerek, Greenmaxotel\u2019e Ki\u015fisel Verilerin Korunmas\u0131 Ve Gizlilik \u0130le Saklama Ve \u0130mha Politikas\u0131 uyar\u0131nca silinir ya da anonim hale getirilecektir.<\/p>\n<p>Bu ba\u011flamda, ilgili tabloda yer alan ki\u015fisel verileriniz;<\/p>\n<ul>\n<li>\u0130\u015f s\u00fcre\u00e7lerinin ve sundu\u011fumuz hizmetin iyile\u015ftirilmesine y\u00f6nelik \u00f6nerilerin al\u0131nmas\u0131 ve de\u011ferlendirilmesi,<\/li>\n<li>M\u00fc\u015fteri veya ziyaret\u00e7i ili\u015fkileri y\u00f6netim s\u00fcre\u00e7lerinin y\u00fcr\u00fct\u00fclmesi,<\/li>\n<li>\u0130leti\u015fim faaliyetlerinin y\u00fcr\u00fct\u00fclmesi ile talep ve \u015fikayetlerin takibi do\u011frultusunda ziyaret\u00e7ilerimiz aras\u0131nda isim ve soy isminizle ay\u0131rt edilebilmeniz,<\/li>\n<li>Hizmet ve faaliyetlerimize ili\u015fkin her t\u00fcrl\u00fc soru ve \u015fikayetinize, sordu\u011funuz soru ba\u015fl\u0131\u011f\u0131 \u00fczerinden s\u0131n\u0131fland\u0131rarak cevap verilebilmesi,<\/li>\n<li>Hizmet ve faaliyetlerimize ili\u015fkin her t\u00fcrl\u00fc soru ve \u015fikayetinize, taraf\u0131m\u0131za iletmi\u015f oldu\u011funuz bilgileriniz \u00f6zelinde i\u00e7 ara\u015ft\u0131rmalar\u0131m\u0131z\u0131 ger\u00e7ekle\u015ftirerek talebinize en uygun \u015fekilde geri d\u00f6n\u00fc\u015f yap\u0131labilmesi,<\/li>\n<li>Rezervasyon s\u00fcrecinin tamamlanmas\u0131,<\/li>\n<li>Rezervasyon esnas\u0131nda taraf\u0131n\u0131zca talep edilen ek hizmet ve isteklerin yerine getirilmesine y\u00f6nelik \u00e7al\u0131\u015fmalar\u0131n y\u00fcr\u00fct\u00fclmesi,<\/li>\n<li>\u015eirket ile aran\u0131zda gerekli s\u00f6zle\u015fmelerin kurulabilmesi,<\/li>\n<li>Yapt\u0131\u011f\u0131n\u0131z al\u0131\u015fveri\u015fin 5.000 TL ve \u00fczeri olmas\u0131 halinde hukuki y\u00fck\u00fcml\u00fcl\u00fcklerimizin yerine getirilmesi,<\/li>\n<li>Sat\u0131n ald\u0131\u011f\u0131n\u0131z konaklama ve ilgili di\u011fer hizmetlere ili\u015fkin bildirimlerin taraf\u0131n\u0131za ula\u015ft\u0131r\u0131labilmesi,<\/li>\n<li>Mali y\u00fck\u00fcml\u00fcl\u00fcklerimiz uyar\u0131nca d\u00fczenledi\u011fimiz e-fatura, e-ar\u015fiv i\u00e7erisinde adresinizin g\u00f6sterilebilmesi,<\/li>\n<li>Sat\u0131\u015f s\u00f6zle\u015fmesi kapsam\u0131nda \u00f6deme i\u015flemlerinizin ger\u00e7ekle\u015ftirilebilmesi,<\/li>\n<li>Ger\u00e7ekle\u015ftirdi\u011fimiz faaliyetlerin mevzuata uygun y\u00fcr\u00fct\u00fclmesi do\u011frultusunda 5651 say\u0131l\u0131 \u0130nternet Ortam\u0131nda Yap\u0131lan Yay\u0131nlar\u0131n D\u00fczenlenmesi ve Bu Yay\u0131nlar Yoluyla \u0130\u015flenen Su\u00e7larla M\u00fccadele Edilmesi Hakk\u0131nda Kanun ve ilgili mevzuatta a\u00e7\u0131k\u00e7a \u00f6ng\u00f6r\u00fclen trafik kay\u0131tlar\u0131n\u0131 tutma y\u00fck\u00fcml\u00fcl\u00fc\u011f\u00fcm\u00fcz\u00fcn yerine getirilebilmesi,<\/li>\n<li>Vermi\u015f oldu\u011fu hukuki onaylara y\u00f6nelik, \u015firketin hukuki y\u00fck\u00fcml\u00fcl\u00fcklerinin yerine getirilmesi ve onay kay\u0131tlar\u0131n\u0131n hukuka uygun \u015fekilde saklanabilmesi,<\/li>\n<li>Pazarlama analiz \u00e7al\u0131\u015fmalar\u0131n\u0131n ve stratejik planlama faaliyetlerinin y\u00fcr\u00fct\u00fclmesi, \u00fcr\u00fcn veya hizmet pazarlama s\u00fcre\u00e7lerinin y\u00fcr\u00fct\u00fclmesi,<\/li>\n<li>\u0130nternet sitesinin daha etkili, h\u0131zl\u0131 ve kolay kullan\u0131m\u0131n\u0131n sa\u011flanmas\u0131,<\/li>\n<li>Greenmaxotel taraf\u0131ndan sunulan hizmet ve faaliyetlerin, be\u011feni, kullan\u0131m \u015fekliniz ve ihtiya\u00e7lar\u0131n\u0131za g\u00f6re \u00f6zelle\u015ftirilerek sizlere \u00f6nerilmesi ile talepleriniz do\u011frultusunda gerekli teknik destek ve kalitenin sa\u011flanmas\u0131,<\/li>\n<li>Hizmet sundu\u011fumuz faaliyet alanlar\u0131na ili\u015fkin g\u00fcncel makale, haber ve b\u00fcltenlerden haberdar olabilmeniz,<\/li>\n<li>Hizmet ve faaliyetlerimizden faydalanabilmeniz i\u00e7in gerekli \u00e7al\u0131\u015fmalar\u0131n yap\u0131labilmesi,<\/li>\n<li>Sosyal a\u011flar ile sitenin ili\u015fkilendirilmesini sa\u011flayarak, h\u0131zl\u0131 ve engelsiz payla\u015f\u0131m yap\u0131labilmesi,<\/li>\n<li>Veri g\u00fcvenli\u011fi kapsam\u0131nda t\u00fcm gerekli teknik ve idari tedbirlerin al\u0131nmas\u0131,<\/li>\n<\/ul>\n<p>ama\u00e7lar\u0131 ile size daha iyi hizmet verebilmek i\u00e7in do\u011fru ve g\u00fcncel olarak tutulup ve i\u015flenmekte olup KVKK\u2019n\u0131n 5. maddesinde belirtilen; kanunlarda a\u00e7\u0131k\u00e7a \u00f6ng\u00f6r\u00fclmesi; \u015firketin hukuki y\u00fck\u00fcml\u00fcl\u00fc\u011f\u00fcn\u00fc yerine getirebilmesi i\u00e7in ki\u015fisel veri i\u015flemesinin zorunlu olmas\u0131; gerekli s\u00f6zle\u015fmenin kurulmas\u0131 veya yerine getirilmesiyle do\u011frudan do\u011fruya ilgili olmas\u0131 sebebiyle taraflara ait ki\u015fisel verilerin i\u015flenmesinin gerekli olmas\u0131; bir hakk\u0131n tesisi, kullan\u0131lmas\u0131 veya korunmas\u0131 i\u00e7in ki\u015fisel veri i\u015flemenin zorunlu olmas\u0131; ilgili ki\u015finin temel hak ve \u00f6zg\u00fcrl\u00fcklerine zarar vermemek kayd\u0131yla Greenmaxotel\u2019in me\u015fru menfaatleri i\u00e7in ki\u015fisel veri i\u015flemesinin zorunlu olmas\u0131 hukuki sebeplerine dayanarak Greenmaxotel taraf\u0131ndan toplanmaktad\u0131r. Ayr\u0131ca, Greenmaxotel Hotel taraf\u0131ndan sunulan \u00fcr\u00fcn ve hizmetlerden sizleri faydaland\u0131rmak i\u00e7in gerekli \u00e7al\u0131\u015fmalar\u0131n i\u015f birimlerimiz taraf\u0131ndan yap\u0131labilmesi ve sunulan \u00fcr\u00fcn ve hizmetlerin sizlerin be\u011feni, kullan\u0131m al\u0131\u015fkanl\u0131klar\u0131 ve ihtiya\u00e7lar\u0131na g\u00f6re \u00f6zelle\u015ftirilerek sizlere \u00f6nerilmesi ve sunularak hizmetlerin daha kaliteli hale getirilmesi ve kalite politikam\u0131z\u0131n geli\u015ftirilmesi ve Greenmaxotel\u2019in sunmu\u015f oldu\u011fu genel ve \u00f6zel kampanyalar\u0131ndan, promosyon, tan\u0131t\u0131m, indirim ve benzeri avantajlar\u0131ndan haberdar edilmeniz ve yararland\u0131r\u0131lman\u0131z ama\u00e7lar\u0131yla i\u015flenecektir. Ek olarak, \u015firket m\u00fc\u015fteri memnuniyetini \u00f6l\u00e7mek \u00fczere Greenmaxotel m\u00fc\u015fterileriyle ba\u011flant\u0131ya ge\u00e7ebilir ve bu ba\u011flamda pazar ara\u015ft\u0131rmas\u0131 ve ara\u015ft\u0131rma ve geli\u015ftirme \u00e7al\u0131\u015fmalar\u0131 yapmak ve bunun yan\u0131 s\u0131ra \u00fcr\u00fcn yelpazemizi, hizmetlerimizi, bilgi teknolojileri sistemlerimizi ve g\u00fcvenlik sistemlerimizi geli\u015ftirmek ve iyile\u015ftirmek ama\u00e7lar\u0131yla ki\u015fisel verileriniz Greenmaxotel taraf\u0131ndan, saklan\u0131p ama\u00e7lar\u0131yla KVKK uyar\u0131nca belirtilen ki\u015fisel veri i\u015fleme \u015fartlar\u0131 ve ama\u00e7lar\u0131 dahilinde i\u015flenecektir.<\/p>\n<ol start=\"3\">\n<li>Ki\u015fisel verilerinizin Aktar\u0131ld\u0131\u011f\u0131 Ki\u015filer ve Aktar\u0131m Amac\u0131<\/li>\n<\/ol>\n<p>Ki\u015fisel verileriniz;<\/p>\n<ul>\n<li>S\u0327irketin idaresi ve yu\u0308ru\u0308ttu\u0308g\u0306u\u0308 ticari faaliyetlerin mevzuata ve \u015firket politikalar\u0131na uygun olarak yerine getirilmesi ic\u0327in \u015firketimizin is\u0327 birimleri taraf\u0131ndan gerekli \u00e7al\u0131\u015fmalar\u0131n yap\u0131lmas\u0131 ve bu dog\u0306rultuda faaliyetlerin yu\u0308ru\u0308tu\u0308lmesi ad\u0131na \u00f6zellikle;<\/li>\n<li>Gerekli s\u00f6zle\u015fme ve s\u00f6zle\u015fme y\u00fck\u00fcml\u00fcl\u00fcklerini yerine getirmek ad\u0131na ortakla\u015fa \u00e7al\u0131\u015ft\u0131\u011f\u0131m\u0131z veya hizmet ald\u0131\u011f\u0131m\u0131z bankalara,<\/li>\n<li>\u0130\u015f s\u00fcre\u00e7lerimizi hukuka ve di\u011fer me\u015fru menfaatlerimize uygun y\u00fcr\u00fctebilmemiz, olas\u0131 bir yarg\u0131 s\u00fcrecinde savunma hakk\u0131m\u0131z\u0131 kullanabilmemiz amac\u0131yla; avukatlara, denet\u00e7ilere, vergi dan\u0131\u015fmanlar\u0131 ile dan\u0131\u015fmanl\u0131k hizmeti ald\u0131\u011f\u0131m\u0131z di\u011fer \u00fc\u00e7\u00fcnc\u00fc ki\u015filere,<\/li>\n<li>Hukuki y\u00fck\u00fcml\u00fcl\u00fcklerimizi yerine getirebilmemiz amac\u0131yla; hukuka ve usule uygun olmas\u0131 ko\u015fuluyla d\u00fczenleyici ve denetleyici kurumlar ile mahkeme ve icra m\u00fcd\u00fcrl\u00fckleri gibi ilgili resm\u00ee kurumlara ve ki\u015fisel verilerinizi talep etmeye yetkili olan di\u011fer kamu kurum veya kurulu\u015flar\u0131na,<\/li>\n<li>Taleplerinizin yerine getirilmesi ad\u0131na; taraf\u0131n\u0131zca yetki verilmi\u015f vekil ve temsilcilerinize<\/li>\n<\/ul>\n<p>KVKK\u2019n\u0131n 8. maddesinde belirtilen ki\u015fisel veri i\u015fleme \u015fartlar\u0131 ve ama\u00e7lar\u0131 dahilinde aktar\u0131labilmektedir.<\/p>\n<ol start=\"4\">\n<li>Sosyal Medya<\/li>\n<\/ol>\n<p>Sosyal medya hesaplar\u0131m\u0131zdan birisini (Facebook, Instagram gibi) ziyaret etti\u011finizde, i\u015flemen ki\u015fisel verilerinizden dolay\u0131, Haklar\u0131n\u0131za ili\u015fkin sizleri bilgilendirmek isteriz. Her ne kadar sorumluluk anlam\u0131nda sosyal medya operat\u00f6r\u00fc \u015firketler ile bir payla\u015f\u0131m\u0131m\u0131z olsa da verilerinizin i\u015flenmesinde kapsaml\u0131 bir etkimiz olmay\u0131p, veri i\u015fleme ama\u00e7, y\u00f6ntem ve vas\u0131talar\u0131n\u0131 belirlemede hi\u00e7bir rol\u00fcm\u00fcz\u00fcn bulunmad\u0131\u011f\u0131n\u0131 belirtmek isteriz. Veri i\u015fleme anlam\u0131nda, bu operat\u00f6rlerin kurumsal uygulamalar\u0131na uymak ile y\u00fck\u00fcml\u00fcy\u00fcz. A\u015fa\u011f\u0131da, sosyal medya hesaplar\u0131m\u0131z\u0131n linklerini bulabilirsiniz.<\/p>\n<ul>\n<li>Instagram:\u00a0<a href=\"https:\/\/www.instagram.com\/greenmaxhotelbelek\/\" target=\"_blank\" rel=\"noopener\"><sup>https:\/\/www.instagram.com\/greenmaxhotelbelek\/<\/sup><\/a><\/li>\n<\/ul>\n<ul>\n<li>Facebook:\u00a0<a href=\"https:\/\/www.facebook.com\/greenmaxhotell\" target=\"_blank\" rel=\"noopener\"><sup>https:\/\/www.facebook.com\/greenmaxhotell<\/sup><\/a><\/li>\n<\/ul>\n<p>Kullan\u0131c\u0131 hareketlerini analiz ederek, profilinizi \u00e7\u0131karma vas\u0131tas\u0131 ile sizlerin tercih ve ilgi y\u00f6nlerini belirleyen bir veri i\u015fleme y\u00f6ntemi kullanan sosyal medya platformlar\u0131, bu y\u00f6ntemle sizlere \u00f6zel olarak pazarlama faaliyetleri y\u00fcr\u00fctmektedir. E\u011fer, bir sosyal medya hesab\u0131n\u0131z varsa, bu hesaba giri\u015f yapt\u0131\u011f\u0131n\u0131z cihazlar\u0131n\u0131z\u0131n t\u00fcm\u00fcnden sizlere y\u00f6nelik bu tarzda pazarlama \u00e7al\u0131\u015fmalar\u0131 y\u00fcr\u00fct\u00fclebilir. \u00d6nemle belirtmek gerekir ki, Greenmaxotel olarak bizlerin, sizlerin sosyal medyada yapm\u0131\u015f oldu\u011funuz hareketlere eri\u015fememekte ve sosyal medya platformlar\u0131 vas\u0131tas\u0131yla sizlere ait i\u015flenen ki\u015fisel verileri elde etmemekte ve bunlar\u0131 kopyalamamaktay\u0131z. Sa\u011flay\u0131c\u0131lar\u0131n kurumsal uygulamalar\u0131na g\u00f6re veri i\u015fleme vas\u0131talar\u0131 her sosyal medya operat\u00f6r\u00fcn\u00fcn veri i\u015fleme vas\u0131talar\u0131n\u0131n farkl\u0131 oldu\u011funu da belirtmek isteriz. Bu detaylara istinaden, verilerinizin i\u015fleme y\u00f6ntem ve vas\u0131talar\u0131n\u0131 belirleyen ve bizimde hesap sahibi oldu\u011fumuz sosyal medya operat\u00f6rlerinin gizlilik ve ki\u015fisel veri g\u00fcvenli\u011fi politika linklerini a\u015fa\u011f\u0131da bulabilirsiniz.<\/p>\n<ul>\n<li><sup>Instagram: https:\/\/help.instagram.com\/196883487377501<\/sup><\/li>\n<li><sup>Facebook:https:\/\/www.facebook.com\/policy.php<\/sup><\/li>\n<\/ul>\n<ol start=\"5\">\n<li>Ki\u015fisel Verilerine \u0130li\u015fkin Haklar\u0131n\u0131z<\/li>\n<\/ol>\n<p>Ki\u015fisel verilerinizle ilgili olarak;<\/p>\n<ol>\n<li>Ki\u015fisel verilerinizin i\u015flenip i\u015flenmedi\u011fini \u00f6\u011frenme,<\/li>\n<li>Ki\u015fisel verileriniz i\u015flenmi\u015fse buna ili\u015fkin bilgi talep etme,<\/li>\n<li>Ki\u015fisel verilerinizin i\u015flenme amac\u0131n\u0131 ve bunlar\u0131n amac\u0131na uygun kullan\u0131l\u0131p kullan\u0131lmad\u0131\u011f\u0131n\u0131 \u00f6\u011frenme,<\/li>\n<li>Ki\u015fisel verilerinizin yurt i\u00e7inde veya yurt d\u0131\u015f\u0131nda aktar\u0131ld\u0131\u011f\u0131 \u00fc\u00e7\u00fcnc\u00fc ki\u015fileri bilme,<\/li>\n<li>Ki\u015fisel verilerinizin eksik veya yanl\u0131\u015f i\u015flenmi\u015f olmas\u0131 h\u00e2linde bunlar\u0131n d\u00fczeltilmesini isteme,<\/li>\n<li>KVKK\u2019n\u0131n 7. maddesinde \u00f6ng\u00f6r\u00fclen \u015fartlar \u00e7er\u00e7evesinde ki\u015fisel verilerin silinmesini veya yok edilmesini isteme,<\/li>\n<li>(4) ve (5) bentleri uyar\u0131nca yap\u0131lan i\u015flemlerin ki\u015fisel verilerin aktar\u0131ld\u0131\u011f\u0131 \u00fc\u00e7\u00fcnc\u00fc ki\u015filere bildirilmesini isteme,<\/li>\n<li>\u0130\u015flenen verilerinizin m\u00fcnhas\u0131ran otomatik sistemler vas\u0131tas\u0131yla analiz edilmesi suretiyle aleyhinize bir sonucun ortaya \u00e7\u0131kmas\u0131na itiraz etme,<\/li>\n<li>Ki\u015fisel verilerinizin kanuna ayk\u0131r\u0131 olarak i\u015flenmesi sebebiyle zarar u\u011framan\u0131z halinde, zarar\u0131n\u0131z\u0131n giderilmesini talep etme haklar\u0131na sahipsiniz.<\/li>\n<\/ol>\n<p>Belirtilen haklar\u0131n\u0131z kapsam\u0131nda taleplerinizi, \u201cVeri Sorumlusuna Ba\u015fvuru Usul ve Esaslar\u0131 Hakk\u0131nda Tebli\u011f\u201d uyar\u0131nca \u015fahsen veya noter arac\u0131l\u0131\u011f\u0131yla yaz\u0131l\u0131 olarak veya kay\u0131tl\u0131 elektronik posta (KEP) adresi, g\u00fcvenli elektronik imza, mobil imza ya da taraf\u0131n\u0131zca \u015firkete daha \u00f6nce bildirilen ve \u015firketin sisteminde kay\u0131tl\u0131 bulunan elektronik posta adresinizi kullanmak suretiyle iletebilirsiniz.\u00a0Veri Sahibi Ba\u015fvuru Formu\u2019na ula\u015fmak i\u00e7in l\u00fctfen t\u0131klay\u0131n\u0131z.<\/p>\n<p>Ba\u015fvurunuz KVKK&#8217;da \u00f6ng\u00f6r\u00fclen ilgili h\u00fck\u00fcmler do\u011frultusunda cevapland\u0131r\u0131lacak olup ba\u015fvurucunun do\u011fru ki\u015fi oldu\u011funun teyit edilmesi amac\u0131yla Greenmaxotel sizden baz\u0131 do\u011frulay\u0131c\u0131 bilgiler talep edebilecektir; bu bilgiler yaln\u0131zca ger\u00e7ek veri sahibinin kim oldu\u011funun tespit edilmesi ve ba\u015fvuru sonu\u00e7lar\u0131n\u0131n do\u011fru ki\u015fiyle payla\u015f\u0131lmas\u0131 ad\u0131na talep edilecektir.<\/p>\n<ol start=\"6\">\n<li>\u0130leti\u015fim Bilgileri<\/li>\n<\/ol>\n<p>Beytur Gayrimenkul Turizm \u0130n\u015faat Sanayi ve Ticaret A.\u015e.<\/p>\n<p>Mersis No:\u00a00168041635500021<\/p>\n<p>E-mail:info@greenmaxhotel.com.tr<\/p>\n<p>Adres:\u00a0Kadriye Mh. \u00dc\u00e7kum Tepesi Cad. No.16\/1 Serik &#8212; ANTALYA \/ T\u00dcRK\u0130YE<\/p>\n\t\t\t\t\t\t<\/div>\n\t\t\t\t<\/div>\n\t\t\t\t\t<\/div>\n\t\t<\/div>\n\t\t\t\t\t\t\t<\/div>\n\t\t<\/section>\n\t\t\t\t\t\t<\/div>\n\t\t\t\t\t<\/div>\n\t\t","protected":false},"excerpt":{"rendered":"<p>WEB S\u0130TES\u0130 AYDINLATMA METN\u0130 Beytur Gayrimenkul turizm \u0130n\u015faat Sanayi ve Ticaret A.\u015e. (\u201cGreenmaxotel\u201d)\u00a0olarak veri sorumlusu s\u0131fat\u0131yla 6698 say\u0131l\u0131 Ki\u015fisel Verilerin Korunmas\u0131 Kanunu (\u201cKVKK\u201d veya \u201cKanun\u201d) ve ilgili mevzuat kapsam\u0131nda, ki\u015fisel verilerinizi i\u015fliyor, ayn\u0131 zamanda KVKK\u2019da, KVKK\u2019ya ba\u011fl\u0131 y\u00fcr\u00fcrl\u00fc\u011fe konulan ikincil mevzuatta, Ki\u015fisel Verileri Koruma Kurulu\u2019nun ba\u011flay\u0131c\u0131 nitelikteki kararlar\u0131nda ve sair mevzuatta belirtilmi\u015f olan teknik ve [&hellip;]<\/p>\n","protected":false},"author":1,"featured_media":0,"parent":0,"menu_order":0,"comment_status":"closed","ping_status":"closed","template":"","meta":{"footnotes":""},"class_list":["post-1978","page","type-page","status-publish","hentry"],"_links":{"self":[{"href":"https:\/\/www.greenmaxhotel.com.tr\/ru\/wp-json\/wp\/v2\/pages\/1978","targetHints":{"allow":["GET"]}}],"collection":[{"href":"https:\/\/www.greenmaxhotel.com.tr\/ru\/wp-json\/wp\/v2\/pages"}],"about":[{"href":"https:\/\/www.greenmaxhotel.com.tr\/ru\/wp-json\/wp\/v2\/types\/page"}],"author":[{"embeddable":true,"href":"https:\/\/www.greenmaxhotel.com.tr\/ru\/wp-json\/wp\/v2\/users\/1"}],"replies":[{"embeddable":true,"href":"https:\/\/www.greenmaxhotel.com.tr\/ru\/wp-json\/wp\/v2\/comments?post=1978"}],"version-history":[{"count":0,"href":"https:\/\/www.greenmaxhotel.com.tr\/ru\/wp-json\/wp\/v2\/pages\/1978\/revisions"}],"wp:attachment":[{"href":"https:\/\/www.greenmaxhotel.com.tr\/ru\/wp-json\/wp\/v2\/media?parent=1978"}],"curies":[{"name":"wp","href":"https:\/\/api.w.org\/{rel}","templated":true}]}}